{"id":105,"date":"2021-05-07T16:15:15","date_gmt":"2021-05-07T16:15:15","guid":{"rendered":"http:\/\/luxurycocktailbar.sk\/?page_id=105"},"modified":"2024-11-03T16:22:54","modified_gmt":"2024-11-03T15:22:54","slug":"onas","status":"publish","type":"page","link":"https:\/\/luxurycocktailbar.sk\/en\/onas\/","title":{"rendered":"ABOUT US"},"content":{"rendered":"<div data-elementor-type=\"wp-page\" data-elementor-id=\"105\" class=\"elementor elementor-105\">\n\t\t\t\t\t\t<section class=\"elementor-section elementor-top-section elementor-element elementor-element-954acb8 elementor-section-boxed elementor-section-height-default elementor-section-height-default\" data-id=\"954acb8\" data-element_type=\"section\" data-e-type=\"section\" data-settings=\"{&quot;background_background&quot;:&quot;classic&quot;,&quot;background_motion_fx_motion_fx_scrolling&quot;:&quot;yes&quot;,&quot;background_motion_fx_motion_fx_mouse&quot;:&quot;yes&quot;,&quot;background_motion_fx_devices&quot;:[&quot;desktop&quot;,&quot;tablet&quot;,&quot;mobile&quot;]}\">\n\t\t\t\t\t\t\t<div class=\"elementor-background-overlay\"><\/div>\n\t\t\t\t\t\t\t<div class=\"elementor-container elementor-column-gap-no\">\n\t\t\t\t\t<div class=\"elementor-column elementor-col-100 elementor-top-column elementor-element elementor-element-77d49fb\" data-id=\"77d49fb\" data-element_type=\"column\" data-e-type=\"column\">\n\t\t\t<div class=\"elementor-widget-wrap\">\n\t\t\t\t\t\t\t<\/div>\n\t\t<\/div>\n\t\t\t\t\t<\/div>\n\t\t<\/section>\n\t\t\t\t<section class=\"elementor-section elementor-top-section elementor-element elementor-element-23dc75b elementor-section-height-min-height elementor-section-boxed elementor-section-height-default elementor-section-items-middle\" data-id=\"23dc75b\" data-element_type=\"section\" data-e-type=\"section\" data-settings=\"{&quot;background_background&quot;:&quot;classic&quot;}\">\n\t\t\t\t\t\t<div class=\"elementor-container elementor-column-gap-no\">\n\t\t\t\t\t<div class=\"elementor-column elementor-col-50 elementor-top-column elementor-element elementor-element-ee86898\" data-id=\"ee86898\" data-element_type=\"column\" data-e-type=\"column\">\n\t\t\t<div class=\"elementor-widget-wrap elementor-element-populated\">\n\t\t\t\t\t\t<div class=\"elementor-element elementor-element-3075173 elementor-invisible elementor-widget elementor-widget-image\" data-id=\"3075173\" data-element_type=\"widget\" data-e-type=\"widget\" data-settings=\"{&quot;_animation&quot;:&quot;fadeIn&quot;}\" data-widget_type=\"image.default\">\n\t\t\t\t<div class=\"elementor-widget-container\">\n\t\t\t\t\t\t\t\t\t\t\t\t\t\t\t<img decoding=\"async\" src=\"https:\/\/luxurycocktailbar.sk\/wp-content\/uploads\/elementor\/thumbs\/O_nas-rio5oqpjge3beul1hz3eq47e7scqs4f9lstfjez9s0.jpg\" title=\"O_nas\" alt=\"O_nas\" loading=\"lazy\" \/>\t\t\t\t\t\t\t\t\t\t\t\t\t\t\t<\/div>\n\t\t\t\t<\/div>\n\t\t\t\t\t<\/div>\n\t\t<\/div>\n\t\t\t\t<div class=\"elementor-column elementor-col-50 elementor-top-column elementor-element elementor-element-8699599\" data-id=\"8699599\" data-element_type=\"column\" data-e-type=\"column\">\n\t\t\t<div class=\"elementor-widget-wrap elementor-element-populated\">\n\t\t\t\t\t\t<div class=\"elementor-element elementor-element-4cde131 elementor-invisible elementor-widget elementor-widget-heading\" data-id=\"4cde131\" data-element_type=\"widget\" data-e-type=\"widget\" data-settings=\"{&quot;_animation&quot;:&quot;fadeIn&quot;}\" data-widget_type=\"heading.default\">\n\t\t\t\t<div class=\"elementor-widget-container\">\n\t\t\t\t\t<h1 class=\"elementor-heading-title elementor-size-default\">ABOUT US<\/h1>\t\t\t\t<\/div>\n\t\t\t\t<\/div>\n\t\t\t\t<div class=\"elementor-element elementor-element-613cfe2 animated-slow elementor-invisible elementor-widget elementor-widget-heading\" data-id=\"613cfe2\" data-element_type=\"widget\" data-e-type=\"widget\" data-settings=\"{&quot;_animation&quot;:&quot;fadeIn&quot;}\" data-widget_type=\"heading.default\">\n\t\t\t\t<div class=\"elementor-widget-container translation-block\">Pleasant environment right on Mari\u00e1nsk\u00e9 n\u00e1mestie in \u017dilina, where you can enjoy quality coffee from a Slovak roastery and the best cocktails in town! <br>\n<br><b>Reservations:<\/b>  corporate parties, family celebrations, christenings, birthdays<br><br><b>We serve: <\/b>wide selection of cocktails, coffee from a Slovak roastery, <br>draft beer, Slovak and foreign wine\nwider selection of whiskey and rum soft drinks\n<br><br><b>Benefits: <\/b>smoking lounge, barrier-free entrance, catering available, summer and winter terrace, trained staff<br><\/div>\n\t\t\t\t<\/div>\n\t\t\t\t<div class=\"elementor-element elementor-element-ab17486 animated-slow elementor-mobile-align-center elementor-invisible elementor-widget elementor-widget-button\" data-id=\"ab17486\" data-element_type=\"widget\" data-e-type=\"widget\" data-settings=\"{&quot;_animation&quot;:&quot;fadeIn&quot;}\" data-widget_type=\"button.default\">\n\t\t\t\t<div class=\"elementor-widget-container\">\n\t\t\t\t\t\t\t\t\t<div class=\"elementor-button-wrapper\">\n\t\t\t\t\t<a class=\"elementor-button elementor-button-link elementor-size-xs elementor-animation-shrink\" href=\"https:\/\/luxurycocktailbar.sk\/wp-content\/uploads\/2024\/11\/SK_2024_zima_web.pdf\">\n\t\t\t\t\t\t<span class=\"elementor-button-content-wrapper\">\n\t\t\t\t\t\t\t\t\t<span class=\"elementor-button-text\">Menu<\/span>\n\t\t\t\t\t<\/span>\n\t\t\t\t\t<\/a>\n\t\t\t\t<\/div>\n\t\t\t\t\t\t\t\t<\/div>\n\t\t\t\t<\/div>\n\t\t\t\t\t<\/div>\n\t\t<\/div>\n\t\t\t\t\t<\/div>\n\t\t<\/section>\n\t\t\t\t<section class=\"elementor-section elementor-top-section elementor-element elementor-element-907abb9 elementor-section-boxed elementor-section-height-default elementor-section-height-default\" data-id=\"907abb9\" data-element_type=\"section\" data-e-type=\"section\" data-settings=\"{&quot;background_background&quot;:&quot;classic&quot;}\">\n\t\t\t\t\t\t\t<div class=\"elementor-background-overlay\"><\/div>\n\t\t\t\t\t\t\t<div class=\"elementor-container elementor-column-gap-default\">\n\t\t\t\t\t<div class=\"elementor-column elementor-col-100 elementor-top-column elementor-element elementor-element-898eeff\" data-id=\"898eeff\" data-element_type=\"column\" data-e-type=\"column\">\n\t\t\t<div class=\"elementor-widget-wrap\">\n\t\t\t\t\t\t\t<\/div>\n\t\t<\/div>\n\t\t\t\t\t<\/div>\n\t\t<\/section>\n\t\t\t\t<\/div>","protected":false},"excerpt":{"rendered":"<p>O n\u00e1s Pr\u00edjemn\u00e9 prostredie priamo na Mari\u00e1nskom n\u00e1mest\u00ed v \u017diline, kde si m\u00f4\u017eete vychutna\u0165 kvalitn\u00fa k\u00e1vu zo slovenskej pra\u017eiarne a tie najlep\u0161ie koktaily v meste! Rezerv\u00e1cie: firemn\u00e9 ve\u010dierky, rodinn\u00e9 oslavy, krstiny, narodeniny Pod\u00e1vame: \u0161irok\u00fd v\u00fdber koktailov, k\u00e1va zo slovenskej pra\u017eiarne, \u010dapovan\u00e9 pivo, slovensk\u00e9 a zahrani\u010dn\u00e9 v\u00edno, \u0161ir\u0161\u00ed v\u00fdber whisky a rumov, nealkoholick\u00e9 n\u00e1poje V\u00fdhody: faj\u010diarsky [&hellip;]<\/p>","protected":false},"author":1,"featured_media":0,"parent":0,"menu_order":0,"comment_status":"closed","ping_status":"closed","template":"","meta":{"site-sidebar-layout":"no-sidebar","site-content-layout":"page-builder","ast-site-content-layout":"default","site-content-style":"default","site-sidebar-style":"default","ast-global-header-display":"","ast-banner-title-visibility":"","ast-main-header-display":"","ast-hfb-above-header-display":"","ast-hfb-below-header-display":"","ast-hfb-mobile-header-display":"","site-post-title":"disabled","ast-breadcrumbs-content":"","ast-featured-img":"disabled","footer-sml-layout":"","ast-disable-related-posts":"","theme-transparent-header-meta":"enabled","adv-header-id-meta":"","stick-header-meta":"","header-above-stick-meta":"","header-main-stick-meta":"","header-below-stick-meta":"","astra-migrate-meta-layouts":"default","ast-page-background-enabled":"default","ast-page-background-meta":{"desktop":{"background-color":"","background-image":"","background-repeat":"repeat","background-position":"center center","background-size":"auto","background-attachment":"scroll","background-type":"","background-media":"","overlay-type":"","overlay-color":"","overlay-opacity":"","overlay-gradient":""},"tablet":{"background-color":"","background-image":"","background-repeat":"repeat","background-position":"center center","background-size":"auto","background-attachment":"scroll","background-type":"","background-media":"","overlay-type":"","overlay-color":"","overlay-opacity":"","overlay-gradient":""},"mobile":{"background-color":"","background-image":"","background-repeat":"repeat","background-position":"center center","background-size":"auto","background-attachment":"scroll","background-type":"","background-media":"","overlay-type":"","overlay-color":"","overlay-opacity":"","overlay-gradient":""}},"ast-content-background-meta":{"desktop":{"background-color":"var(--ast-global-color-5)","background-image":"","background-repeat":"repeat","background-position":"center center","background-size":"auto","background-attachment":"scroll","background-type":"","background-media":"","overlay-type":"","overlay-color":"","overlay-opacity":"","overlay-gradient":""},"tablet":{"background-color":"var(--ast-global-color-5)","background-image":"","background-repeat":"repeat","background-position":"center center","background-size":"auto","background-attachment":"scroll","background-type":"","background-media":"","overlay-type":"","overlay-color":"","overlay-opacity":"","overlay-gradient":""},"mobile":{"background-color":"var(--ast-global-color-5)","background-image":"","background-repeat":"repeat","background-position":"center center","background-size":"auto","background-attachment":"scroll","background-type":"","background-media":"","overlay-type":"","overlay-color":"","overlay-opacity":"","overlay-gradient":""}},"footnotes":""},"class_list":["post-105","page","type-page","status-publish","hentry"],"yoast_head":"<!-- This site is optimized with the Yoast SEO plugin v26.9 - https:\/\/yoast.com\/product\/yoast-seo-wordpress\/ -->\n<title>O n\u00e1s - LUXURY COCKTAIL BAR<\/title>\n<meta name=\"robots\" content=\"index, follow, max-snippet:-1, max-image-preview:large, max-video-preview:-1\" \/>\n<link rel=\"canonical\" href=\"https:\/\/luxurycocktailbar.sk\/en\/onas\/\" \/>\n<meta property=\"og:locale\" content=\"en_GB\" \/>\n<meta property=\"og:type\" content=\"article\" \/>\n<meta property=\"og:title\" content=\"O n\u00e1s - LUXURY COCKTAIL BAR\" \/>\n<meta property=\"og:description\" content=\"O n\u00e1s Pr\u00edjemn\u00e9 prostredie priamo na Mari\u00e1nskom n\u00e1mest\u00ed v \u017diline, kde si m\u00f4\u017eete vychutna\u0165 kvalitn\u00fa k\u00e1vu zo slovenskej pra\u017eiarne a tie najlep\u0161ie koktaily v meste! Rezerv\u00e1cie: firemn\u00e9 ve\u010dierky, rodinn\u00e9 oslavy, krstiny, narodeniny Pod\u00e1vame: \u0161irok\u00fd v\u00fdber koktailov, k\u00e1va zo slovenskej pra\u017eiarne, \u010dapovan\u00e9 pivo, slovensk\u00e9 a zahrani\u010dn\u00e9 v\u00edno, \u0161ir\u0161\u00ed v\u00fdber whisky a rumov, nealkoholick\u00e9 n\u00e1poje V\u00fdhody: faj\u010diarsky [&hellip;]\" \/>\n<meta property=\"og:url\" content=\"https:\/\/luxurycocktailbar.sk\/en\/onas\/\" \/>\n<meta property=\"og:site_name\" content=\"LUXURY COCKTAIL BAR\" \/>\n<meta property=\"article:modified_time\" content=\"2024-11-03T15:22:54+00:00\" \/>\n<meta property=\"og:image\" content=\"https:\/\/luxurycocktailbar.sk\/wp-content\/uploads\/elementor\/thumbs\/O_nas-q62itfldtm5esmijdbjdp8ge97u5976qjneczibmtc.jpg\" \/>\n<meta name=\"twitter:card\" content=\"summary_large_image\" \/>\n<meta name=\"twitter:label1\" content=\"Estimated reading time\" \/>\n\t<meta name=\"twitter:data1\" content=\"1 minute\" \/>\n<script type=\"application\/ld+json\" class=\"yoast-schema-graph\">{\"@context\":\"https:\/\/schema.org\",\"@graph\":[{\"@type\":\"WebPage\",\"@id\":\"https:\/\/luxurycocktailbar.sk\/onas\/\",\"url\":\"https:\/\/luxurycocktailbar.sk\/onas\/\",\"name\":\"O n\u00e1s - LUXURY COCKTAIL BAR\",\"isPartOf\":{\"@id\":\"https:\/\/luxurycocktailbar.sk\/#website\"},\"primaryImageOfPage\":{\"@id\":\"https:\/\/luxurycocktailbar.sk\/onas\/#primaryimage\"},\"image\":{\"@id\":\"https:\/\/luxurycocktailbar.sk\/onas\/#primaryimage\"},\"thumbnailUrl\":\"https:\/\/luxurycocktailbar.sk\/wp-content\/uploads\/elementor\/thumbs\/O_nas-q62itfldtm5esmijdbjdp8ge97u5976qjneczibmtc.jpg\",\"datePublished\":\"2021-05-07T16:15:15+00:00\",\"dateModified\":\"2024-11-03T15:22:54+00:00\",\"breadcrumb\":{\"@id\":\"https:\/\/luxurycocktailbar.sk\/onas\/#breadcrumb\"},\"inLanguage\":\"en-GB\",\"potentialAction\":[{\"@type\":\"ReadAction\",\"target\":[\"https:\/\/luxurycocktailbar.sk\/onas\/\"]}]},{\"@type\":\"ImageObject\",\"inLanguage\":\"en-GB\",\"@id\":\"https:\/\/luxurycocktailbar.sk\/onas\/#primaryimage\",\"url\":\"https:\/\/luxurycocktailbar.sk\/wp-content\/uploads\/elementor\/thumbs\/O_nas-q62itfldtm5esmijdbjdp8ge97u5976qjneczibmtc.jpg\",\"contentUrl\":\"https:\/\/luxurycocktailbar.sk\/wp-content\/uploads\/elementor\/thumbs\/O_nas-q62itfldtm5esmijdbjdp8ge97u5976qjneczibmtc.jpg\"},{\"@type\":\"BreadcrumbList\",\"@id\":\"https:\/\/luxurycocktailbar.sk\/onas\/#breadcrumb\",\"itemListElement\":[{\"@type\":\"ListItem\",\"position\":1,\"name\":\"Domovsk\u00e1 str\u00e1nka\",\"item\":\"https:\/\/luxurycocktailbar.sk\/\"},{\"@type\":\"ListItem\",\"position\":2,\"name\":\"O n\u00e1s\"}]},{\"@type\":\"WebSite\",\"@id\":\"https:\/\/luxurycocktailbar.sk\/#website\",\"url\":\"https:\/\/luxurycocktailbar.sk\/\",\"name\":\"LUXURY COCKTAIL BAR\",\"description\":\"\u017dilina\",\"publisher\":{\"@id\":\"https:\/\/luxurycocktailbar.sk\/#organization\"},\"potentialAction\":[{\"@type\":\"SearchAction\",\"target\":{\"@type\":\"EntryPoint\",\"urlTemplate\":\"https:\/\/luxurycocktailbar.sk\/?s={search_term_string}\"},\"query-input\":{\"@type\":\"PropertyValueSpecification\",\"valueRequired\":true,\"valueName\":\"search_term_string\"}}],\"inLanguage\":\"en-GB\"},{\"@type\":\"Organization\",\"@id\":\"https:\/\/luxurycocktailbar.sk\/#organization\",\"name\":\"LUXURY COCKTAIL BAR\",\"url\":\"https:\/\/luxurycocktailbar.sk\/\",\"logo\":{\"@type\":\"ImageObject\",\"inLanguage\":\"en-GB\",\"@id\":\"https:\/\/luxurycocktailbar.sk\/#\/schema\/logo\/image\/\",\"url\":\"https:\/\/luxurycocktailbar.sk\/wp-content\/uploads\/2022\/02\/Logo_final_q.svg\",\"contentUrl\":\"https:\/\/luxurycocktailbar.sk\/wp-content\/uploads\/2022\/02\/Logo_final_q.svg\",\"width\":69,\"height\":61,\"caption\":\"LUXURY COCKTAIL BAR\"},\"image\":{\"@id\":\"https:\/\/luxurycocktailbar.sk\/#\/schema\/logo\/image\/\"}}]}<\/script>\n<!-- \/ Yoast SEO plugin. -->","yoast_head_json":{"title":"O n\u00e1s - LUXURY COCKTAIL BAR","robots":{"index":"index","follow":"follow","max-snippet":"max-snippet:-1","max-image-preview":"max-image-preview:large","max-video-preview":"max-video-preview:-1"},"canonical":"https:\/\/luxurycocktailbar.sk\/en\/onas\/","og_locale":"en_GB","og_type":"article","og_title":"O n\u00e1s - LUXURY COCKTAIL BAR","og_description":"O n\u00e1s Pr\u00edjemn\u00e9 prostredie priamo na Mari\u00e1nskom n\u00e1mest\u00ed v \u017diline, kde si m\u00f4\u017eete vychutna\u0165 kvalitn\u00fa k\u00e1vu zo slovenskej pra\u017eiarne a tie najlep\u0161ie koktaily v meste! Rezerv\u00e1cie: firemn\u00e9 ve\u010dierky, rodinn\u00e9 oslavy, krstiny, narodeniny Pod\u00e1vame: \u0161irok\u00fd v\u00fdber koktailov, k\u00e1va zo slovenskej pra\u017eiarne, \u010dapovan\u00e9 pivo, slovensk\u00e9 a zahrani\u010dn\u00e9 v\u00edno, \u0161ir\u0161\u00ed v\u00fdber whisky a rumov, nealkoholick\u00e9 n\u00e1poje V\u00fdhody: faj\u010diarsky [&hellip;]","og_url":"https:\/\/luxurycocktailbar.sk\/en\/onas\/","og_site_name":"LUXURY COCKTAIL BAR","article_modified_time":"2024-11-03T15:22:54+00:00","og_image":[{"url":"https:\/\/luxurycocktailbar.sk\/wp-content\/uploads\/elementor\/thumbs\/O_nas-q62itfldtm5esmijdbjdp8ge97u5976qjneczibmtc.jpg","type":"","width":"","height":""}],"twitter_card":"summary_large_image","twitter_misc":{"Estimated reading time":"1 minute"},"schema":{"@context":"https:\/\/schema.org","@graph":[{"@type":"WebPage","@id":"https:\/\/luxurycocktailbar.sk\/onas\/","url":"https:\/\/luxurycocktailbar.sk\/onas\/","name":"O n\u00e1s - LUXURY COCKTAIL BAR","isPartOf":{"@id":"https:\/\/luxurycocktailbar.sk\/#website"},"primaryImageOfPage":{"@id":"https:\/\/luxurycocktailbar.sk\/onas\/#primaryimage"},"image":{"@id":"https:\/\/luxurycocktailbar.sk\/onas\/#primaryimage"},"thumbnailUrl":"https:\/\/luxurycocktailbar.sk\/wp-content\/uploads\/elementor\/thumbs\/O_nas-q62itfldtm5esmijdbjdp8ge97u5976qjneczibmtc.jpg","datePublished":"2021-05-07T16:15:15+00:00","dateModified":"2024-11-03T15:22:54+00:00","breadcrumb":{"@id":"https:\/\/luxurycocktailbar.sk\/onas\/#breadcrumb"},"inLanguage":"en-GB","potentialAction":[{"@type":"ReadAction","target":["https:\/\/luxurycocktailbar.sk\/onas\/"]}]},{"@type":"ImageObject","inLanguage":"en-GB","@id":"https:\/\/luxurycocktailbar.sk\/onas\/#primaryimage","url":"https:\/\/luxurycocktailbar.sk\/wp-content\/uploads\/elementor\/thumbs\/O_nas-q62itfldtm5esmijdbjdp8ge97u5976qjneczibmtc.jpg","contentUrl":"https:\/\/luxurycocktailbar.sk\/wp-content\/uploads\/elementor\/thumbs\/O_nas-q62itfldtm5esmijdbjdp8ge97u5976qjneczibmtc.jpg"},{"@type":"BreadcrumbList","@id":"https:\/\/luxurycocktailbar.sk\/onas\/#breadcrumb","itemListElement":[{"@type":"ListItem","position":1,"name":"Domovsk\u00e1 str\u00e1nka","item":"https:\/\/luxurycocktailbar.sk\/"},{"@type":"ListItem","position":2,"name":"O n\u00e1s"}]},{"@type":"WebSite","@id":"https:\/\/luxurycocktailbar.sk\/#website","url":"https:\/\/luxurycocktailbar.sk\/","name":"LUXURY COCKTAIL BAR","description":"\u017dilina","publisher":{"@id":"https:\/\/luxurycocktailbar.sk\/#organization"},"potentialAction":[{"@type":"SearchAction","target":{"@type":"EntryPoint","urlTemplate":"https:\/\/luxurycocktailbar.sk\/?s={search_term_string}"},"query-input":{"@type":"PropertyValueSpecification","valueRequired":true,"valueName":"search_term_string"}}],"inLanguage":"en-GB"},{"@type":"Organization","@id":"https:\/\/luxurycocktailbar.sk\/#organization","name":"LUXURY COCKTAIL BAR","url":"https:\/\/luxurycocktailbar.sk\/","logo":{"@type":"ImageObject","inLanguage":"en-GB","@id":"https:\/\/luxurycocktailbar.sk\/#\/schema\/logo\/image\/","url":"https:\/\/luxurycocktailbar.sk\/wp-content\/uploads\/2022\/02\/Logo_final_q.svg","contentUrl":"https:\/\/luxurycocktailbar.sk\/wp-content\/uploads\/2022\/02\/Logo_final_q.svg","width":69,"height":61,"caption":"LUXURY COCKTAIL BAR"},"image":{"@id":"https:\/\/luxurycocktailbar.sk\/#\/schema\/logo\/image\/"}}]}},"_links":{"self":[{"href":"https:\/\/luxurycocktailbar.sk\/en\/wp-json\/wp\/v2\/pages\/105","targetHints":{"allow":["GET"]}}],"collection":[{"href":"https:\/\/luxurycocktailbar.sk\/en\/wp-json\/wp\/v2\/pages"}],"about":[{"href":"https:\/\/luxurycocktailbar.sk\/en\/wp-json\/wp\/v2\/types\/page"}],"author":[{"embeddable":true,"href":"https:\/\/luxurycocktailbar.sk\/en\/wp-json\/wp\/v2\/users\/1"}],"replies":[{"embeddable":true,"href":"https:\/\/luxurycocktailbar.sk\/en\/wp-json\/wp\/v2\/comments?post=105"}],"version-history":[{"count":391,"href":"https:\/\/luxurycocktailbar.sk\/en\/wp-json\/wp\/v2\/pages\/105\/revisions"}],"predecessor-version":[{"id":3115,"href":"https:\/\/luxurycocktailbar.sk\/en\/wp-json\/wp\/v2\/pages\/105\/revisions\/3115"}],"wp:attachment":[{"href":"https:\/\/luxurycocktailbar.sk\/en\/wp-json\/wp\/v2\/media?parent=105"}],"curies":[{"name":"wp","href":"https:\/\/api.w.org\/{rel}","templated":true}]}}