{"id":755,"date":"2022-02-24T13:45:02","date_gmt":"2022-02-24T13:45:02","guid":{"rendered":"https:\/\/luxurycocktailbar.sk\/?page_id=755"},"modified":"2024-11-03T16:21:48","modified_gmt":"2024-11-03T15:21:48","slug":"menu","status":"publish","type":"page","link":"https:\/\/luxurycocktailbar.sk\/en\/menu\/","title":{"rendered":"Menu"},"content":{"rendered":"<div data-elementor-type=\"wp-page\" data-elementor-id=\"755\" class=\"elementor elementor-755\">\n\t\t\t\t\t\t<section class=\"elementor-section elementor-top-section elementor-element elementor-element-954acb8 elementor-section-boxed elementor-section-height-default elementor-section-height-default\" data-id=\"954acb8\" data-element_type=\"section\" data-e-type=\"section\" data-settings=\"{&quot;background_background&quot;:&quot;classic&quot;,&quot;background_motion_fx_motion_fx_scrolling&quot;:&quot;yes&quot;,&quot;background_motion_fx_motion_fx_mouse&quot;:&quot;yes&quot;,&quot;background_motion_fx_devices&quot;:[&quot;desktop&quot;,&quot;tablet&quot;,&quot;mobile&quot;]}\">\n\t\t\t\t\t\t\t<div class=\"elementor-background-overlay\"><\/div>\n\t\t\t\t\t\t\t<div class=\"elementor-container elementor-column-gap-no\">\n\t\t\t\t\t<div class=\"elementor-column elementor-col-100 elementor-top-column elementor-element elementor-element-77d49fb\" data-id=\"77d49fb\" data-element_type=\"column\" data-e-type=\"column\">\n\t\t\t<div class=\"elementor-widget-wrap\">\n\t\t\t\t\t\t\t<\/div>\n\t\t<\/div>\n\t\t\t\t\t<\/div>\n\t\t<\/section>\n\t\t\t\t<section class=\"elementor-section elementor-top-section elementor-element elementor-element-23dc75b elementor-section-boxed elementor-section-height-default elementor-section-height-default\" data-id=\"23dc75b\" data-element_type=\"section\" data-e-type=\"section\" data-settings=\"{&quot;background_background&quot;:&quot;classic&quot;}\">\n\t\t\t\t\t\t<div class=\"elementor-container elementor-column-gap-no\">\n\t\t\t\t\t<div class=\"elementor-column elementor-col-100 elementor-top-column elementor-element elementor-element-bf2e504\" data-id=\"bf2e504\" data-element_type=\"column\" data-e-type=\"column\">\n\t\t\t<div class=\"elementor-widget-wrap elementor-element-populated\">\n\t\t\t\t\t\t<div class=\"elementor-element elementor-element-c738fc8 elementor-invisible elementor-widget elementor-widget-heading\" data-id=\"c738fc8\" data-element_type=\"widget\" data-e-type=\"widget\" data-settings=\"{&quot;_animation&quot;:&quot;fadeIn&quot;}\" data-widget_type=\"heading.default\">\n\t\t\t\t<div class=\"elementor-widget-container\">\n\t\t\t\t\t<h1 class=\"elementor-heading-title elementor-size-default\">Drink menu<\/h1>\t\t\t\t<\/div>\n\t\t\t\t<\/div>\n\t\t\t\t<div class=\"elementor-element elementor-element-0abe2d5 animated-slow elementor-invisible elementor-widget elementor-widget-heading\" data-id=\"0abe2d5\" data-element_type=\"widget\" data-e-type=\"widget\" data-settings=\"{&quot;_animation&quot;:&quot;fadeIn&quot;}\" data-widget_type=\"heading.default\">\n\t\t\t\t<div class=\"elementor-widget-container\">\n\t\t\t\t\t<span class=\"elementor-heading-title elementor-size-default\">Check out our new offer.<\/span>\t\t\t\t<\/div>\n\t\t\t\t<\/div>\n\t\t\t\t<div class=\"elementor-element elementor-element-b380b0e elementor-invisible elementor-widget elementor-widget-pdf_viewer\" data-id=\"b380b0e\" data-element_type=\"widget\" data-e-type=\"widget\" data-settings=\"{&quot;_animation&quot;:&quot;fadeIn&quot;}\" data-widget_type=\"pdf_viewer.default\">\n\t\t\t\t<div class=\"elementor-widget-container\">\n\t\t\t\t\t<iframe src=\"https:\/\/docs.google.com\/viewer?url=https:\/\/luxurycocktailbar.sk\/wp-content\/uploads\/2024\/11\/SK_2024_zima_web.pdf&amp;embedded=true\" style=\"display: block; margin-left: auto; margin-right: auto; width: 615px; height: 815px;\" frameborder=\"1\" marginheight=\"0px\" marginwidth=\"0px\" allowfullscreen><\/iframe>\t\t\t\t<\/div>\n\t\t\t\t<\/div>\n\t\t\t\t<div class=\"elementor-element elementor-element-d586179 elementor-align-center elementor-widget elementor-widget-button\" data-id=\"d586179\" data-element_type=\"widget\" data-e-type=\"widget\" data-widget_type=\"button.default\">\n\t\t\t\t<div class=\"elementor-widget-container\">\n\t\t\t\t\t\t\t\t\t<div class=\"elementor-button-wrapper\">\n\t\t\t\t\t<a class=\"elementor-button elementor-button-link elementor-size-sm elementor-animation-shrink\" href=\"https:\/\/luxurycocktailbar.sk\/wp-content\/uploads\/2024\/11\/SK_2024_zima_web.pdf\" target=\"_blank\">\n\t\t\t\t\t\t<span class=\"elementor-button-content-wrapper\">\n\t\t\t\t\t\t\t\t\t<span class=\"elementor-button-text\">Menu PDF<\/span>\n\t\t\t\t\t<\/span>\n\t\t\t\t\t<\/a>\n\t\t\t\t<\/div>\n\t\t\t\t\t\t\t\t<\/div>\n\t\t\t\t<\/div>\n\t\t\t\t\t<\/div>\n\t\t<\/div>\n\t\t\t\t\t<\/div>\n\t\t<\/section>\n\t\t\t\t<section class=\"elementor-section elementor-top-section elementor-element elementor-element-907abb9 elementor-section-boxed elementor-section-height-default elementor-section-height-default\" data-id=\"907abb9\" data-element_type=\"section\" data-e-type=\"section\" data-settings=\"{&quot;background_background&quot;:&quot;classic&quot;}\">\n\t\t\t\t\t\t\t<div class=\"elementor-background-overlay\"><\/div>\n\t\t\t\t\t\t\t<div class=\"elementor-container elementor-column-gap-default\">\n\t\t\t\t\t<div class=\"elementor-column elementor-col-100 elementor-top-column elementor-element elementor-element-898eeff\" data-id=\"898eeff\" data-element_type=\"column\" data-e-type=\"column\">\n\t\t\t<div class=\"elementor-widget-wrap\">\n\t\t\t\t\t\t\t<\/div>\n\t\t<\/div>\n\t\t\t\t\t<\/div>\n\t\t<\/section>\n\t\t\t\t<\/div>","protected":false},"excerpt":{"rendered":"<p>N\u00e1pojovy l\u00edstok Pozrite si na\u0161u nov\u00fa ponuku. Menu PDF<\/p>","protected":false},"author":1,"featured_media":0,"parent":0,"menu_order":0,"comment_status":"closed","ping_status":"closed","template":"","meta":{"site-sidebar-layout":"no-sidebar","site-content-layout":"page-builder","ast-site-content-layout":"default","site-content-style":"default","site-sidebar-style":"default","ast-global-header-display":"","ast-banner-title-visibility":"","ast-main-header-display":"","ast-hfb-above-header-display":"","ast-hfb-below-header-display":"","ast-hfb-mobile-header-display":"","site-post-title":"disabled","ast-breadcrumbs-content":"","ast-featured-img":"disabled","footer-sml-layout":"","ast-disable-related-posts":"","theme-transparent-header-meta":"enabled","adv-header-id-meta":"","stick-header-meta":"","header-above-stick-meta":"","header-main-stick-meta":"","header-below-stick-meta":"","astra-migrate-meta-layouts":"default","ast-page-background-enabled":"default","ast-page-background-meta":{"desktop":{"background-color":"","background-image":"","background-repeat":"repeat","background-position":"center center","background-size":"auto","background-attachment":"scroll","background-type":"","background-media":"","overlay-type":"","overlay-color":"","overlay-opacity":"","overlay-gradient":""},"tablet":{"background-color":"","background-image":"","background-repeat":"repeat","background-position":"center center","background-size":"auto","background-attachment":"scroll","background-type":"","background-media":"","overlay-type":"","overlay-color":"","overlay-opacity":"","overlay-gradient":""},"mobile":{"background-color":"","background-image":"","background-repeat":"repeat","background-position":"center center","background-size":"auto","background-attachment":"scroll","background-type":"","background-media":"","overlay-type":"","overlay-color":"","overlay-opacity":"","overlay-gradient":""}},"ast-content-background-meta":{"desktop":{"background-color":"var(--ast-global-color-5)","background-image":"","background-repeat":"repeat","background-position":"center center","background-size":"auto","background-attachment":"scroll","background-type":"","background-media":"","overlay-type":"","overlay-color":"","overlay-opacity":"","overlay-gradient":""},"tablet":{"background-color":"var(--ast-global-color-5)","background-image":"","background-repeat":"repeat","background-position":"center center","background-size":"auto","background-attachment":"scroll","background-type":"","background-media":"","overlay-type":"","overlay-color":"","overlay-opacity":"","overlay-gradient":""},"mobile":{"background-color":"var(--ast-global-color-5)","background-image":"","background-repeat":"repeat","background-position":"center center","background-size":"auto","background-attachment":"scroll","background-type":"","background-media":"","overlay-type":"","overlay-color":"","overlay-opacity":"","overlay-gradient":""}},"footnotes":""},"class_list":["post-755","page","type-page","status-publish","hentry"],"yoast_head":"<!-- This site is optimized with the Yoast SEO plugin v26.9 - https:\/\/yoast.com\/product\/yoast-seo-wordpress\/ -->\n<title>Menu - LUXURY COCKTAIL BAR<\/title>\n<meta name=\"robots\" content=\"index, follow, max-snippet:-1, max-image-preview:large, max-video-preview:-1\" \/>\n<link rel=\"canonical\" href=\"https:\/\/luxurycocktailbar.sk\/en\/menu\/\" \/>\n<meta property=\"og:locale\" content=\"en_GB\" \/>\n<meta property=\"og:type\" content=\"article\" \/>\n<meta property=\"og:title\" content=\"Menu - LUXURY COCKTAIL BAR\" \/>\n<meta property=\"og:description\" content=\"N\u00e1pojovy l\u00edstok Pozrite si na\u0161u nov\u00fa ponuku. Menu PDF\" \/>\n<meta property=\"og:url\" content=\"https:\/\/luxurycocktailbar.sk\/en\/menu\/\" \/>\n<meta property=\"og:site_name\" content=\"LUXURY COCKTAIL BAR\" \/>\n<meta property=\"article:modified_time\" content=\"2024-11-03T15:21:48+00:00\" \/>\n<meta name=\"twitter:card\" content=\"summary_large_image\" \/>\n<meta name=\"twitter:label1\" content=\"Estimated reading time\" \/>\n\t<meta name=\"twitter:data1\" content=\"1 minute\" \/>\n<script type=\"application\/ld+json\" class=\"yoast-schema-graph\">{\"@context\":\"https:\/\/schema.org\",\"@graph\":[{\"@type\":\"WebPage\",\"@id\":\"https:\/\/luxurycocktailbar.sk\/menu\/\",\"url\":\"https:\/\/luxurycocktailbar.sk\/menu\/\",\"name\":\"Menu - LUXURY COCKTAIL BAR\",\"isPartOf\":{\"@id\":\"https:\/\/luxurycocktailbar.sk\/#website\"},\"datePublished\":\"2022-02-24T13:45:02+00:00\",\"dateModified\":\"2024-11-03T15:21:48+00:00\",\"breadcrumb\":{\"@id\":\"https:\/\/luxurycocktailbar.sk\/menu\/#breadcrumb\"},\"inLanguage\":\"en-GB\",\"potentialAction\":[{\"@type\":\"ReadAction\",\"target\":[\"https:\/\/luxurycocktailbar.sk\/menu\/\"]}]},{\"@type\":\"BreadcrumbList\",\"@id\":\"https:\/\/luxurycocktailbar.sk\/menu\/#breadcrumb\",\"itemListElement\":[{\"@type\":\"ListItem\",\"position\":1,\"name\":\"Domovsk\u00e1 str\u00e1nka\",\"item\":\"https:\/\/luxurycocktailbar.sk\/\"},{\"@type\":\"ListItem\",\"position\":2,\"name\":\"Menu\"}]},{\"@type\":\"WebSite\",\"@id\":\"https:\/\/luxurycocktailbar.sk\/#website\",\"url\":\"https:\/\/luxurycocktailbar.sk\/\",\"name\":\"LUXURY COCKTAIL BAR\",\"description\":\"\u017dilina\",\"publisher\":{\"@id\":\"https:\/\/luxurycocktailbar.sk\/#organization\"},\"potentialAction\":[{\"@type\":\"SearchAction\",\"target\":{\"@type\":\"EntryPoint\",\"urlTemplate\":\"https:\/\/luxurycocktailbar.sk\/?s={search_term_string}\"},\"query-input\":{\"@type\":\"PropertyValueSpecification\",\"valueRequired\":true,\"valueName\":\"search_term_string\"}}],\"inLanguage\":\"en-GB\"},{\"@type\":\"Organization\",\"@id\":\"https:\/\/luxurycocktailbar.sk\/#organization\",\"name\":\"LUXURY COCKTAIL BAR\",\"url\":\"https:\/\/luxurycocktailbar.sk\/\",\"logo\":{\"@type\":\"ImageObject\",\"inLanguage\":\"en-GB\",\"@id\":\"https:\/\/luxurycocktailbar.sk\/#\/schema\/logo\/image\/\",\"url\":\"https:\/\/luxurycocktailbar.sk\/wp-content\/uploads\/2022\/02\/Logo_final_q.svg\",\"contentUrl\":\"https:\/\/luxurycocktailbar.sk\/wp-content\/uploads\/2022\/02\/Logo_final_q.svg\",\"width\":69,\"height\":61,\"caption\":\"LUXURY COCKTAIL BAR\"},\"image\":{\"@id\":\"https:\/\/luxurycocktailbar.sk\/#\/schema\/logo\/image\/\"}}]}<\/script>\n<!-- \/ Yoast SEO plugin. -->","yoast_head_json":{"title":"Menu - LUXURY COCKTAIL BAR","robots":{"index":"index","follow":"follow","max-snippet":"max-snippet:-1","max-image-preview":"max-image-preview:large","max-video-preview":"max-video-preview:-1"},"canonical":"https:\/\/luxurycocktailbar.sk\/en\/menu\/","og_locale":"en_GB","og_type":"article","og_title":"Menu - LUXURY COCKTAIL BAR","og_description":"N\u00e1pojovy l\u00edstok Pozrite si na\u0161u nov\u00fa ponuku. Menu PDF","og_url":"https:\/\/luxurycocktailbar.sk\/en\/menu\/","og_site_name":"LUXURY COCKTAIL BAR","article_modified_time":"2024-11-03T15:21:48+00:00","twitter_card":"summary_large_image","twitter_misc":{"Estimated reading time":"1 minute"},"schema":{"@context":"https:\/\/schema.org","@graph":[{"@type":"WebPage","@id":"https:\/\/luxurycocktailbar.sk\/menu\/","url":"https:\/\/luxurycocktailbar.sk\/menu\/","name":"Menu - LUXURY COCKTAIL BAR","isPartOf":{"@id":"https:\/\/luxurycocktailbar.sk\/#website"},"datePublished":"2022-02-24T13:45:02+00:00","dateModified":"2024-11-03T15:21:48+00:00","breadcrumb":{"@id":"https:\/\/luxurycocktailbar.sk\/menu\/#breadcrumb"},"inLanguage":"en-GB","potentialAction":[{"@type":"ReadAction","target":["https:\/\/luxurycocktailbar.sk\/menu\/"]}]},{"@type":"BreadcrumbList","@id":"https:\/\/luxurycocktailbar.sk\/menu\/#breadcrumb","itemListElement":[{"@type":"ListItem","position":1,"name":"Domovsk\u00e1 str\u00e1nka","item":"https:\/\/luxurycocktailbar.sk\/"},{"@type":"ListItem","position":2,"name":"Menu"}]},{"@type":"WebSite","@id":"https:\/\/luxurycocktailbar.sk\/#website","url":"https:\/\/luxurycocktailbar.sk\/","name":"LUXURY COCKTAIL BAR","description":"\u017dilina","publisher":{"@id":"https:\/\/luxurycocktailbar.sk\/#organization"},"potentialAction":[{"@type":"SearchAction","target":{"@type":"EntryPoint","urlTemplate":"https:\/\/luxurycocktailbar.sk\/?s={search_term_string}"},"query-input":{"@type":"PropertyValueSpecification","valueRequired":true,"valueName":"search_term_string"}}],"inLanguage":"en-GB"},{"@type":"Organization","@id":"https:\/\/luxurycocktailbar.sk\/#organization","name":"LUXURY COCKTAIL BAR","url":"https:\/\/luxurycocktailbar.sk\/","logo":{"@type":"ImageObject","inLanguage":"en-GB","@id":"https:\/\/luxurycocktailbar.sk\/#\/schema\/logo\/image\/","url":"https:\/\/luxurycocktailbar.sk\/wp-content\/uploads\/2022\/02\/Logo_final_q.svg","contentUrl":"https:\/\/luxurycocktailbar.sk\/wp-content\/uploads\/2022\/02\/Logo_final_q.svg","width":69,"height":61,"caption":"LUXURY COCKTAIL BAR"},"image":{"@id":"https:\/\/luxurycocktailbar.sk\/#\/schema\/logo\/image\/"}}]}},"_links":{"self":[{"href":"https:\/\/luxurycocktailbar.sk\/en\/wp-json\/wp\/v2\/pages\/755","targetHints":{"allow":["GET"]}}],"collection":[{"href":"https:\/\/luxurycocktailbar.sk\/en\/wp-json\/wp\/v2\/pages"}],"about":[{"href":"https:\/\/luxurycocktailbar.sk\/en\/wp-json\/wp\/v2\/types\/page"}],"author":[{"embeddable":true,"href":"https:\/\/luxurycocktailbar.sk\/en\/wp-json\/wp\/v2\/users\/1"}],"replies":[{"embeddable":true,"href":"https:\/\/luxurycocktailbar.sk\/en\/wp-json\/wp\/v2\/comments?post=755"}],"version-history":[{"count":203,"href":"https:\/\/luxurycocktailbar.sk\/en\/wp-json\/wp\/v2\/pages\/755\/revisions"}],"predecessor-version":[{"id":3112,"href":"https:\/\/luxurycocktailbar.sk\/en\/wp-json\/wp\/v2\/pages\/755\/revisions\/3112"}],"wp:attachment":[{"href":"https:\/\/luxurycocktailbar.sk\/en\/wp-json\/wp\/v2\/media?parent=755"}],"curies":[{"name":"wp","href":"https:\/\/api.w.org\/{rel}","templated":true}]}}